{"id":404,"date":"2025-09-24T16:37:46","date_gmt":"2025-09-24T14:37:46","guid":{"rendered":"https:\/\/trenerjasiek.oliwiawolanska.pl\/?page_id=404"},"modified":"2025-09-26T14:29:50","modified_gmt":"2025-09-26T12:29:50","slug":"polityka-prywatnosci","status":"publish","type":"page","link":"https:\/\/trenerjasiek.oliwiawolanska.pl\/?page_id=404","title":{"rendered":"polityka prywatno\u015bci"},"content":{"rendered":"\t\t<div data-elementor-type=\"wp-page\" data-elementor-id=\"404\" class=\"elementor elementor-404\" data-elementor-post-type=\"page\">\n\t\t\t\t\t\t<section class=\"elementor-section elementor-top-section elementor-element elementor-element-0a39409 elementor-section-full_width elementor-section-stretched elementor-section-height-default elementor-section-height-default\" data-id=\"0a39409\" data-element_type=\"section\" data-settings=\"{&quot;stretch_section&quot;:&quot;section-stretched&quot;}\">\n\t\t\t\t\t\t<div class=\"elementor-container elementor-column-gap-default\">\n\t\t\t\t\t<div class=\"elementor-column elementor-col-100 elementor-top-column elementor-element elementor-element-786bb34\" data-id=\"786bb34\" data-element_type=\"column\">\n\t\t\t<div class=\"elementor-widget-wrap elementor-element-populated\">\n\t\t\t\t\t\t<div class=\"elementor-element elementor-element-03083b4 elementor-widget elementor-widget-heading\" data-id=\"03083b4\" data-element_type=\"widget\" data-widget_type=\"heading.default\">\n\t\t\t\t<div class=\"elementor-widget-container\">\n\t\t\t\t\t<h2 class=\"elementor-heading-title elementor-size-default\">Polityka prywatno\u015bci<\/h2>\t\t\t\t<\/div>\n\t\t\t\t<\/div>\n\t\t\t\t<div class=\"elementor-element elementor-element-ae4e401 elementor-widget elementor-widget-text-editor\" data-id=\"ae4e401\" data-element_type=\"widget\" data-widget_type=\"text-editor.default\">\n\t\t\t\t<div class=\"elementor-widget-container\">\n\t\t\t\t\t\t\t\t\t<p>Niniejsza Polityka prywatno\u015bci opisuje zasady przetwarzania informacji na Tw\u00f3j temat, w tym danych osobowych oraz plik\u00f3w cookies (tzw. ciasteczek), w ramach serwisu internetowego.<\/p>\n<p><strong>1. Informacje og\u00f3lne<\/strong><\/p>\n<p>Polityka dotyczy serwisu dzia\u0142aj\u0105cego pod adresem: trenerjasiek.pl. Operatorem serwisu oraz administratorem danych osobowych jest Kamil Jan Wieczorek. Adres kontaktowy operatora: <a href=\"mailto:jasiek_trener@gmail.com\">jasiek_trener@gmail.com<\/a>.<\/p>\n<p>Operator jest administratorem danych osobowych podawanych dobrowolnie przez u\u017cytkownika w Serwisie. Serwis wykorzystuje dane osobowe w nast\u0119puj\u0105cych celach: obs\u0142uga zapyta\u0144 przesy\u0142anych przez formularz oraz prezentacja oferty i informacji.<\/p>\n<p>Serwis pozyskuje informacje o u\u017cytkownikach i ich zachowaniu w nast\u0119puj\u0105cy spos\u00f3b: poprzez dobrowolnie podane w formularzach dane, kt\u00f3re s\u0105 wprowadzane do system\u00f3w operatora, oraz poprzez zapisywanie w urz\u0105dzeniach ko\u0144cowych plik\u00f3w cookies.<\/p>\n<p><strong>2. Wybrane metody ochrony danych stosowane przez Operatora<\/strong><\/p>\n<p>Miejsca logowania i wprowadzania danych osobowych s\u0105 chronione warstw\u0105 transmisji (certyfikat SSL), co oznacza, \u017ce dane przesy\u0142ane ze strony s\u0105 szyfrowane i mog\u0105 by\u0107 odczytane jedynie na docelowym serwerze. Operator okresowo zmienia has\u0142a administracyjne. Istotnym elementem ochrony danych jest tak\u017ce regularna aktualizacja oprogramowania wykorzystywanego do przetwarzania danych, w tym aktualizacje komponent\u00f3w programistycznych.<\/p>\n<p><strong>3. Hosting<\/strong><\/p>\n<p>Serwis jest hostowany na serwerach wskazanych przez operatora lh.pl. Firma hostingowa prowadzi logi na poziomie serwera w celu zapewnienia niezawodno\u015bci technicznej. Logi te mog\u0105 zawiera\u0107 informacje takie jak: adresy \u017c\u0105danych zasob\u00f3w (URL), czas nadej\u015bcia zapytania i wys\u0142ania odpowiedzi, nazw\u0119 stacji klienta identyfikowan\u0105 przez protok\u00f3\u0142 HTTP, informacje o b\u0142\u0119dach przy realizacji transakcji HTTP, adres URL strony poprzednio odwiedzanej przez u\u017cytkownika (referer), informacje o przegl\u0105darce u\u017cytkownika, adres IP, informacje diagnostyczne zwi\u0105zane z procesem zamawiania us\u0142ug oraz informacje zwi\u0105zane z obs\u0142ug\u0105 poczty elektronicznej kierowanej do operatora lub wysy\u0142anej przez operatora.<\/p>\n<p><strong>4. Twoje prawa i dodatkowe informacje o sposobie wykorzystania danych<\/strong><\/p>\n<p>W niekt\u00f3rych sytuacjach administrator mo\u017ce przekazywa\u0107 Twoje dane osobowe innym odbiorcom, je\u017celi jest to niezb\u0119dne do wykonania zawartej z Tob\u0105 umowy lub wype\u0142nienia obowi\u0105zk\u00f3w prawnych \u2014 przyk\u0142adowo firma hostingowa na zasadzie powierzenia danych.<\/p>\n<p>Dane osobowe przetwarzane s\u0105 nie d\u0142u\u017cej ni\u017c jest to konieczne do realizacji czynno\u015bci wynikaj\u0105cych z obowi\u0105zuj\u0105cych przepis\u00f3w (np. zwi\u0105zanych z rachunkowo\u015bci\u0105). W odniesieniu do danych marketingowych okres przetwarzania nie przekracza 3 lat.<\/p>\n<p>Przys\u0142uguje Ci prawo \u017c\u0105dania od administratora dost\u0119pu do swoich danych osobowych, ich sprostowania, usuni\u0119cia, ograniczenia przetwarzania oraz przenoszenia danych. Masz tak\u017ce prawo do wniesienia sprzeciwu wobec przetwarzania danych osobowych w celach wynikaj\u0105cych z prawnie uzasadnionych interes\u00f3w administratora, w tym profilowania \u2014 o ile nie zachodz\u0105 nadrz\u0119dne prawnie uzasadnione podstawy do dalszego przetwarzania (np. ustalenie, dochodzenie lub obrona roszcze\u0144).<\/p>\n<p>Na dzia\u0142ania administratora przys\u0142uguje skarga do Prezesa Urz\u0119du Ochrony Danych Osobowych, ul. Stawki 2, 00-193 Warszawa.<\/p>\n<p>Podanie danych osobowych jest dobrowolne, lecz niezb\u0119dne do prawid\u0142owej obs\u0142ugi Serwisu. W niekt\u00f3rych przypadkach wobec Twoich danych mog\u0105 by\u0107 podejmowane czynno\u015bci polegaj\u0105ce na zautomatyzowanym podejmowaniu decyzji, w tym profilowaniu, w celu \u015bwiadczenia us\u0142ug w ramach umowy oraz prowadzenia marketingu bezpo\u015bredniego.<\/p>\n<p>Dane osobowe nie s\u0105 przekazywane do pa\u0144stw trzecich (poza Uni\u0119 Europejsk\u0105).<\/p>\n<p><strong>5. Informacje w formularzach<\/strong><\/p>\n<p>Serwis zbiera informacje podane dobrowolnie przez u\u017cytkownika w formularzach, w tym dane osobowe, o ile zostan\u0105 one podane. Serwis mo\u017ce tak\u017ce zapisa\u0107 informacje o parametrach po\u0142\u0105czenia (np. oznaczenie czasu, adres IP). W niekt\u00f3rych wypadkach serwis mo\u017ce zapisa\u0107 informacj\u0119 u\u0142atwiaj\u0105c\u0105 powi\u0105zanie danych w formularzu z adresem e\u2011mail u\u017cytkownika \u2014 w takim przypadku adres e\u2011mail u\u017cytkownika mo\u017ce pojawi\u0107 si\u0119 wewn\u0105trz adresu URL strony zawieraj\u0105cej formularz.<\/p>\n<p>Dane podane w formularzu s\u0105 przetwarzane w celu wynikaj\u0105cym z funkcji danego formularza, np. w celu obs\u0142ugi zg\u0142oszenia serwisowego, kontaktu handlowego, rejestracji us\u0142ug itp. Kontekst i opis formularza informuj\u0105 w czytelny spos\u00f3b, do czego s\u0142u\u017cy dany formularz.<\/p>\n<p><strong>6. Logi Administratora<\/strong><\/p>\n<p>Informacje o zachowaniu u\u017cytkownik\u00f3w w serwisie mog\u0105 podlega\u0107 logowaniu. Dane te s\u0105 wykorzystywane w celu administrowania serwisem i zapewnienia jego bezpiecze\u0144stwa oraz stabilno\u015bci dzia\u0142ania.<\/p>\n<p><strong>7. Istotne techniki marketingowe<\/strong><\/p>\n<p>Operator stosuje analiz\u0119 statystyczn\u0105 ruchu na stronie przy u\u017cyciu Google Analytics (Google Inc., USA). Operator nie przekazuje do Google danych osobowych, a jedynie zanonimizowane informacje. Us\u0142uga opiera si\u0119 na wykorzystaniu plik\u00f3w cookies przechowywanych w urz\u0105dzeniu ko\u0144cowym u\u017cytkownika. W zakresie informacji o preferencjach u\u017cytkownika gromadzonych przez sie\u0107 reklamow\u0105 Google u\u017cytkownik mo\u017ce przegl\u0105da\u0107 i edytowa\u0107 ustawienia za pomoc\u0105 narz\u0119dzia dost\u0119pnego pod adresem: <a href=\"https:\/\/www.google.com\/ads\/preferences\/\">https:\/\/www.google.com\/ads\/preferences\/<\/a>.<\/p>\n<p><strong>8. Informacja o plikach cookies<\/strong><\/p>\n<p>Serwis korzysta z plik\u00f3w cookies. Cookies to dane informatyczne (najcz\u0119\u015bciej pliki tekstowe) przechowywane w urz\u0105dzeniu ko\u0144cowym u\u017cytkownika, zawieraj\u0105ce m.in. nazw\u0119 strony, czas przechowywania oraz unikalny numer.<\/p>\n<p>Podmiotem zamieszczaj\u0105cym cookies oraz uzyskuj\u0105cym do nich dost\u0119p jest operator serwisu. Pliki cookies wykorzystywane s\u0105 w celu utrzymania sesji u\u017cytkownika (po zalogowaniu), dzi\u0119ki czemu nie trzeba ponownie wpisywa\u0107 loginu i has\u0142a na ka\u017cdej podstronie, oraz w celach analitycznych i marketingowych opisanych powy\u017cej.<\/p>\n<p>W serwisie stosowane s\u0105 dwa podstawowe rodzaje cookies: sesyjne (session cookies) \u2014 kt\u00f3re s\u0105 usuwane po zamkni\u0119ciu przegl\u0105darki, oraz sta\u0142e (persistent cookies) \u2014 przechowywane przez czas okre\u015blony w parametrach plik\u00f3w cookies lub do momentu ich usuni\u0119cia przez u\u017cytkownika.<\/p>\n<p>Przegl\u0105darki internetowe zazwyczaj domy\u015blnie dopuszczaj\u0105 przechowywanie plik\u00f3w cookies, jednak u\u017cytkownik mo\u017ce zmieni\u0107 ustawienia przegl\u0105darki w celu usuni\u0119cia lub blokowania cookies. Ograniczenia stosowania cookies mog\u0105 wp\u0142yn\u0105\u0107 na dost\u0119pno\u015b\u0107 niekt\u00f3rych funkcji serwisu.<\/p>\n<p>Pliki cookies mog\u0105 by\u0107 r\u00f3wnie\u017c wykorzystywane przez podmioty wsp\u00f3\u0142pracuj\u0105ce z operatorem, w szczeg\u00f3lno\u015bci przez firmy takie jak Google (Google Inc., USA), Facebook (Facebook Inc., USA) oraz Twitter (Twitter Inc., USA).<\/p>\n<p><strong>9. Zarz\u0105dzanie plikami cookies \u2014 jak wyra\u017ca\u0107 i cofa\u0107 zgod\u0119<\/strong><\/p>\n<p>Je\u015bli u\u017cytkownik nie chce otrzymywa\u0107 plik\u00f3w cookies, mo\u017ce zmieni\u0107 ustawienia swojej przegl\u0105darki. Wy\u0142\u0105czenie obs\u0142ugi cookies niezb\u0119dnych do proces\u00f3w uwierzytelniania, bezpiecze\u0144stwa czy utrzymania preferencji u\u017cytkownika mo\u017ce utrudni\u0107, a w skrajnych przypadkach uniemo\u017cliwi\u0107 korzystanie ze stron serwisu.<\/p>\n<p>W celu zarz\u0105dzania ustawieniami cookies u\u017cytkownik powinien wybra\u0107 swoj\u0105 przegl\u0105dark\u0119 z poni\u017cszej listy i post\u0119powa\u0107 zgodnie z dost\u0119pn\u0105 dokumentacj\u0105: Edge, Internet Explorer, Chrome, Safari, Firefox, Opera. Instrukcje dost\u0119pne s\u0105 tak\u017ce dla urz\u0105dze\u0144 mobilnych (Android, Safari iOS, Windows Phone).<\/p>\t\t\t\t\t\t\t\t<\/div>\n\t\t\t\t<\/div>\n\t\t\t\t\t<\/div>\n\t\t<\/div>\n\t\t\t\t\t<\/div>\n\t\t<\/section>\n\t\t\t\t<\/div>\n\t\t","protected":false},"excerpt":{"rendered":"<p>Polityka prywatno\u015bci Niniejsza Polityka prywatno\u015bci opisuje zasady przetwarzania informacji na Tw\u00f3j temat, w tym danych osobowych oraz plik\u00f3w cookies (tzw. [&hellip;]<\/p>\n","protected":false},"author":1,"featured_media":0,"parent":0,"menu_order":0,"comment_status":"closed","ping_status":"closed","template":"","meta":{"site-sidebar-layout":"no-sidebar","site-content-layout":"","ast-site-content-layout":"full-width-container","site-content-style":"default","site-sidebar-style":"default","ast-global-header-display":"","ast-banner-title-visibility":"","ast-main-header-display":"","ast-hfb-above-header-display":"","ast-hfb-below-header-display":"","ast-hfb-mobile-header-display":"","site-post-title":"disabled","ast-breadcrumbs-content":"","ast-featured-img":"disabled","footer-sml-layout":"","theme-transparent-header-meta":"","adv-header-id-meta":"","stick-header-meta":"","header-above-stick-meta":"","header-main-stick-meta":"","header-below-stick-meta":"","astra-migrate-meta-layouts":"default","ast-page-background-enabled":"default","ast-page-background-meta":{"desktop":{"background-color":"var(--ast-global-color-5)","background-image":"","background-repeat":"repeat","background-position":"center center","background-size":"auto","background-attachment":"scroll","background-type":"","background-media":"","overlay-type":"","overlay-color":"","overlay-opacity":"","overlay-gradient":""},"tablet":{"background-color":"","background-image":"","background-repeat":"repeat","background-position":"center center","background-size":"auto","background-attachment":"scroll","background-type":"","background-media":"","overlay-type":"","overlay-color":"","overlay-opacity":"","overlay-gradient":""},"mobile":{"background-color":"","background-image":"","background-repeat":"repeat","background-position":"center center","background-size":"auto","background-attachment":"scroll","background-type":"","background-media":"","overlay-type":"","overlay-color":"","overlay-opacity":"","overlay-gradient":""}},"ast-content-background-meta":{"desktop":{"background-color":"var(--ast-global-color-4)","background-image":"","background-repeat":"repeat","background-position":"center center","background-size":"auto","background-attachment":"scroll","background-type":"","background-media":"","overlay-type":"","overlay-color":"","overlay-opacity":"","overlay-gradient":""},"tablet":{"background-color":"var(--ast-global-color-4)","background-image":"","background-repeat":"repeat","background-position":"center center","background-size":"auto","background-attachment":"scroll","background-type":"","background-media":"","overlay-type":"","overlay-color":"","overlay-opacity":"","overlay-gradient":""},"mobile":{"background-color":"var(--ast-global-color-4)","background-image":"","background-repeat":"repeat","background-position":"center center","background-size":"auto","background-attachment":"scroll","background-type":"","background-media":"","overlay-type":"","overlay-color":"","overlay-opacity":"","overlay-gradient":""}},"footnotes":""},"class_list":["post-404","page","type-page","status-publish","hentry"],"_links":{"self":[{"href":"https:\/\/trenerjasiek.oliwiawolanska.pl\/index.php?rest_route=\/wp\/v2\/pages\/404","targetHints":{"allow":["GET"]}}],"collection":[{"href":"https:\/\/trenerjasiek.oliwiawolanska.pl\/index.php?rest_route=\/wp\/v2\/pages"}],"about":[{"href":"https:\/\/trenerjasiek.oliwiawolanska.pl\/index.php?rest_route=\/wp\/v2\/types\/page"}],"author":[{"embeddable":true,"href":"https:\/\/trenerjasiek.oliwiawolanska.pl\/index.php?rest_route=\/wp\/v2\/users\/1"}],"replies":[{"embeddable":true,"href":"https:\/\/trenerjasiek.oliwiawolanska.pl\/index.php?rest_route=%2Fwp%2Fv2%2Fcomments&post=404"}],"version-history":[{"count":13,"href":"https:\/\/trenerjasiek.oliwiawolanska.pl\/index.php?rest_route=\/wp\/v2\/pages\/404\/revisions"}],"predecessor-version":[{"id":506,"href":"https:\/\/trenerjasiek.oliwiawolanska.pl\/index.php?rest_route=\/wp\/v2\/pages\/404\/revisions\/506"}],"wp:attachment":[{"href":"https:\/\/trenerjasiek.oliwiawolanska.pl\/index.php?rest_route=%2Fwp%2Fv2%2Fmedia&parent=404"}],"curies":[{"name":"wp","href":"https:\/\/api.w.org\/{rel}","templated":true}]}}